{"id":120,"date":"2022-08-28T10:53:11","date_gmt":"2022-08-28T03:53:11","guid":{"rendered":"http:\/\/localhost\/?page_id=120"},"modified":"2023-04-12T04:28:40","modified_gmt":"2023-04-11T21:28:40","slug":"lo-hoi","status":"publish","type":"page","link":"https:\/\/lohoitinnhiem.vn\/index.php\/san-pham\/lo-hoi\/","title":{"rendered":"L\u00d2 H\u01a0I"},"content":{"rendered":"<h3><strong>1. L\u00d2 H\u01a0I T\u1ea6NG S\u00d4I<\/strong><\/h3>\n<p><img decoding=\"async\" loading=\"lazy\" class=\"alignnone wp-image-345 size-full\" src=\"https:\/\/lohoitinnhiem.vn\/wp-content\/uploads\/2023\/04\/lo-hoi-tang-soi.png\" alt=\"\" width=\"593\" height=\"615\" srcset=\"https:\/\/lohoitinnhiem.vn\/wp-content\/uploads\/2023\/04\/lo-hoi-tang-soi.png 593w, https:\/\/lohoitinnhiem.vn\/wp-content\/uploads\/2023\/04\/lo-hoi-tang-soi-289x300.png 289w\" sizes=\"(max-width: 593px) 100vw, 593px\" \/><\/p>\n<p>L\u00e0 lo\u1ea1i l\u00f2 h\u01a1i c\u00f4ng nghi\u1ec7p, nguy\u00ean l\u00fd \u0111\u1ed1t t\u1ea7ng s\u00f4i l\u00e0 qu\u00e1 tr\u00ecnh \u0111\u01b0a nhi\u00ean li\u1ec7u l\u00ean l\u1edbp l\u1eeda s\u00f4i \u1edf b\u1ec1 m\u1eb7t bu\u1ed3ng \u0111\u1ed1t, g\u1eb7p nhi\u1ec7t \u0111\u1ed9 cao v\u00e0 t\u1ef1 b\u1ed1c ch\u00e1y, l\u1edbp t\u1ea7ng s\u00f4i bao g\u1ed3m: x\u1ec9, c\u00e1t, \u0111\u00e1 v\u00f4i&#8230; Ch\u00fang chuy\u1ec3n \u0111\u1ed9ng do l\u01b0\u1ee3ng gi\u00f3 c\u1ea5p \u0111\u01b0\u1ee3c th\u1ed5i d\u01b0\u1edbi h\u1ec7 th\u1ed1ng b\u00e9c phun t\u1ea1o th\u00e0nh l\u1edbp s\u00f4i, \u0111\u1ed3ng th\u1eddi cung c\u1ea5p Oxy cho qu\u00e1 tr\u00ecnh ch\u00e1y. T\u1ed1c \u0111\u1ed9 c\u1ee7a h\u1ec7 th\u1ed1ng phun \u0111\u01b0\u1ee3c \u0111i\u1ec1u ch\u1ec9nh h\u1ee3p l\u00fd \u0111\u1ec3 \u0111\u1ea3m b\u1ea3o cho l\u01b0\u1ee3ng nhi\u00ean li\u1ec7u c\u00f3 \u0111\u1ee7 th\u1eddi gian \u0111\u01b0\u1ee3c ch\u00e1y ki\u1ec7t. Nhi\u1ec7t l\u01b0\u1ee3ng t\u1ecfa ra trong bu\u1ed3ng \u0111\u1ed1t \u0111\u01b0\u1ee3c truy\u1ec1n b\u1eb1ng b\u1ee9c x\u1ea1 cho c\u00e1c d\u00e0n \u1ed1ng n\u01b0\u1edbc \u0111\u01b0\u1ee3c h\u1ea5p th\u1ee5 nhi\u1ec7t khu bu\u1ed3ng \u0111\u1ed1t v\u00e0 ch\u00f9m \u1ed1ng l\u1eeda trong balon \u0111\u1ec3 t\u1ea1o \u0111\u1ed9 s\u00f4i n\u01b0\u1edbc sinh ra h\u01a1i. Ti\u1ebfp theo ph\u1ea7n kh\u00f3i mang nhi\u1ec7t n\u0103ng c\u00f2n l\u1ea1i ra kh\u1ecfi l\u00f2 v\u00e0 \u0111\u01b0\u1ee3c h\u1eadp th\u1ee5 b\u1edfi b\u1ed9 thu h\u1ed3i nhi\u1ec7t.<\/p>\n<p>Sau \u0111\u00f3, ti\u1ebfp t\u1ee5c v\u00e0o b\u1ed9 l\u1ecdc b\u1ee5i kh\u00f4 Multi-Cyclone, r\u1ed3i qua th\u00e1p l\u1ecdc b\u1ee5i \u01b0\u1edbt tr\u01b0\u1edbc khi v\u00e0o qu\u1ea1t h\u00fat v\u00e0 ra ngo\u00e0i theo \u0111\u01b0\u1eddng \u1ed1ng kh\u00f3i.<\/p>\n<h4><strong>\u0110\u1eb7c \u0111i\u1ec3m n\u1ed5i b\u1eadt<\/strong><\/h4>\n<ul>\n<li>K\u1ebft c\u1ea5u L\u00f2 h\u01a1i: Thi\u1ebft k\u1ebf v\u00e0 s\u1eed d\u1ee5ng c\u00e1c v\u1eadt li\u1ec7u ch\u1ebf t\u1ea1o theo \u0111\u00fang ti\u00eau chu\u1ea9n s\u1eed d\u1ee5ng trong l\u00f2 h\u01a1i, \u0111\u1ea3m b\u1ea3o an to\u00e0n v\u00e0 \u0111\u1ed9 b\u1ec1n theo th\u1eddi gian.<\/li>\n<li>V\u1eadn h\u00e0nh \u0111\u01a1n gi\u1ea3n, c\u01a1 c\u1ea5u n\u1ea1p li\u1ec7u v\u00e0 th\u1ea3i x\u1ec9 ho\u00e0n to\u00e0n t\u1ef1 \u0111\u1ed9ng, gi\u00fap ti\u1ebft ki\u1ec7m c\u00f4ng nh\u00e2n v\u1eadn h\u00e0nh.<\/li>\n<li>K\u1ebft c\u1ea5u L\u00f2 h\u01a1i: Thi\u1ebft k\u1ebf hi\u1ec7n \u0111\u1ea1i v\u00e0 cam k\u1ebft 100% s\u1eed d\u1ee5ng c\u00e1c v\u1eadt li\u1ec7u ch\u1ebf t\u1ea1o theo ti\u00eau chu\u1ea9n s\u1eed d\u1ee5ng trong l\u00f2 h\u01a1i, \u0111\u1ea3m b\u1ea3o an to\u00e0n v\u00e0 \u0111\u1ed9 b\u1ec1n theo th\u1eddi gian.<\/li>\n<li>H\u1ec7 th\u1ed1ng \u0111i\u1ec1u khi\u1ec3n: kh\u00f4ng nh\u01b0 c\u00e1c lo\u1ea1i l\u00f2 h\u01a1i c\u01a1 b\u1ea3n, ngo\u00e0i c\u00e1c h\u1ec7 th\u1ed1ng quan s\u00e1t b\u1eb1ng c\u01a1, L\u00f2 h\u01a1i T\u00edn Nhi\u1ec7m c\u00f2n \u0111\u1eb7t bi\u1ec7t ch\u00fa tr\u1ecdng \u0111\u1ebfn h\u1ec7 th\u1ed1ng \u0111i\u1ec1u khi\u1ec3n, t\u00edch h\u1ee3p c\u00e1c h\u1ec7 th\u1ed1ng c\u1ea3m bi\u1ebfn, hi\u1ec3n th\u1ecb Led s\u1ed1, \u0111\u00e8n b\u00e1o,&#8230; \u0111i\u1ec1u khi\u1ec3n t\u1ef1 \u0111\u1ed9ng v\u00e0 b\u1ea3o v\u1ec7 \u0111a c\u1ea5p cho c\u00e1c ch\u1ebf \u0111\u1ed9 c\u1ea5p n\u01b0\u1edbc balon, \u00e1p su\u1ea5t h\u01a1i, qu\u00e1 nhi\u1ec7t \u0111\u1ed9 bu\u1ed3ng \u0111\u1ed1t&#8230; qua \u0111\u00f3 gi\u00fap n\u00e2ng cao v\u1eadn h\u00e0nh an to\u00e0n, gi\u00fap gi\u1ea3m nh\u00e2n c\u00f4ng v\u1eadn h\u00e0nh, quan s\u00e1t hi\u1ec7u su\u1ea5t \u0111\u1ed1t v\u00e0 h\u1ea1n ch\u1ebf t\u1ed1i \u0111a t\u00e1c \u0111\u1ed9ng c\u1ee7a con ng\u01b0\u1eddi v\u00e0o thi\u1ebft b\u1ecb.<\/li>\n<li>H\u1ec7 th\u1ed1ng t\u1ef1 \u0111\u1ed9ng t\u00ednh to\u00e1n v\u00e0 cung c\u1ea5p nhi\u00ean li\u1ec7u theo nhu c\u1ea7u s\u1eed d\u1ee5ng h\u01a1i c\u1ee7a Nh\u00e0 m\u00e1y nh\u1eb1m t\u1ed1i \u01b0u h\u00f3a hi\u1ec7u su\u1ea5t, gi\u1ea3m ti\u00eau hao nhi\u00ean li\u1ec7u.<\/li>\n<\/ul>\n<h3>\u00a0<\/h3>\n<h3><strong>2. L\u00d2 H\u01a0I GHI X\u00cdCH, GHI T\u0128NH<\/strong><\/h3>\n<p><img decoding=\"async\" loading=\"lazy\" class=\"alignnone wp-image-346 size-full\" src=\"https:\/\/lohoitinnhiem.vn\/wp-content\/uploads\/2023\/04\/lo-hoi-ghi-xich.jpg\" alt=\"\" width=\"898\" height=\"676\" srcset=\"https:\/\/lohoitinnhiem.vn\/wp-content\/uploads\/2023\/04\/lo-hoi-ghi-xich.jpg 898w, https:\/\/lohoitinnhiem.vn\/wp-content\/uploads\/2023\/04\/lo-hoi-ghi-xich-300x226.jpg 300w, https:\/\/lohoitinnhiem.vn\/wp-content\/uploads\/2023\/04\/lo-hoi-ghi-xich-768x578.jpg 768w\" sizes=\"(max-width: 898px) 100vw, 898px\" \/><\/p>\n<p>L\u00e0 l\u00f2 h\u01a1i \u0111\u1ed1t li\u1ec7u tr\u00ean ghi x\u00edch hay c\u00f2n g\u1ecdi l\u00e0 l\u00f2 \u0111\u1ed1t \u0111a nhi\u00ean li\u1ec7u, nhi\u1ec7t l\u01b0\u1ee3ng \u0111\u01b0\u1ee3c sinh ra b\u1edfi ch\u1ea5t \u0111\u1ed1t trong bu\u1ed3ng \u0111\u1ed1t v\u00e0 ch\u00fang \u0111\u01b0\u1ee3c h\u1ea5p th\u1ee5 b\u1edfi h\u1ec7 th\u1ed1ng v\u00e1ch \u1ed1ng n\u01b0\u1edbc \u0111\u01b0\u1ee3c b\u1ed1 tr\u00ed xung quanh v\u00e0 khu v\u1ef1c ch\u00f9m \u1ed1ng n\u01b0\u1edbc \u0111\u1ed1i l\u01b0u h\u1ea5p th\u1ee5 nhi\u1ec7t \u0111\u1ec3 t\u1ea1o ra \u0111\u1ed9 s\u00f4i n\u01b0\u1edbc sinh h\u01a1i. \u1ed0ng n\u01b0\u1edbc l\u00e0 \u1ed1ng th\u00e9p ch\u1ecbu nhi\u1ec7t v\u00e0 c\u00f3 n\u01b0\u1edbc \u0111i b\u00ean trong (hay c\u00f2n g\u1ecdi l\u00e0 v\u00e1ch \u01b0\u1edbt). Ti\u1ebfp theo ph\u1ea7n kh\u00f3i mang nhi\u1ec7t n\u0103ng c\u00f2n l\u1ea1i s\u1ebd ra kh\u1ecfi l\u00f2 v\u00e0 \u0111\u01b0\u1ee3c h\u1eadp th\u1ee5 b\u1edfi b\u1ed9 thu h\u1ed3i nhi\u1ec7t.<\/p>\n<p>Sau \u0111\u00f3, ti\u1ebfp t\u1ee5c v\u00e0o b\u1ed9 l\u1ecdc b\u1ee5i kh\u00f4 Multi-Cyclone, r\u1ed3i qua th\u00e1p l\u1ecdc b\u1ee5i \u01b0\u1edbt tr\u01b0\u1edbc khi v\u00e0o qu\u1ea1t h\u00fat v\u00e0 ra ngo\u00e0i theo \u0111\u01b0\u1eddng \u1ed1ng kh\u00f3i.<\/p>\n<h4><strong>\u0110\u1eb7c \u0111i\u1ec3m n\u1ed5i b\u1eadt<\/strong><\/h4>\n<ul>\n<li>\u0110a nhi\u00ean li\u1ec7u: l\u00f2 h\u01a1i ghi x\u00edch c\u00f3 th\u1ec3 \u0111\u1ed1t \u0111\u01b0\u1ee3c c\u00e1c lo\u1ea1i nhi\u00ean li\u1ec7u kh\u00e1c nhau nh\u01b0 than, c\u1ee7i, tr\u1ea5u,\u2026 tuy nhi\u00ean m\u1ee9c \u0111\u1ed9 hi\u1ec7u qu\u1ea3 t\u1ed1i \u01b0u khi s\u1eed d\u1ee5ng \u0111\u00fang lo\u1ea1i nhi\u00ean li\u1ec7u theo thi\u1ebft k\u1ebf ban \u0111\u1ea7u c\u1ee7a lo\u1ea1i nhi\u00ean li\u1ec7u \u0111\u00f3.<\/li>\n<li>V\u1eadn h\u00e0nh \u0111\u01a1n gi\u1ea3n, c\u01a1 c\u1ea5u n\u1ea1p li\u1ec7u v\u00e0 th\u1ea3i x\u1ec9 ho\u00e0n to\u00e0n t\u1ef1 \u0111\u1ed9ng, gi\u00fap ti\u1ebft ki\u1ec7m c\u00f4ng nh\u00e2n v\u1eadn h\u00e0nh.<\/li>\n<li>K\u1ebft c\u1ea5u L\u00f2 h\u01a1i: Thi\u1ebft k\u1ebf hi\u1ec7n \u0111\u1ea1i v\u00e0 cam k\u1ebft 100% s\u1eed d\u1ee5ng c\u00e1c v\u1eadt li\u1ec7u ch\u1ebf t\u1ea1o theo ti\u00eau chu\u1ea9n s\u1eed d\u1ee5ng trong l\u00f2 h\u01a1i, \u0111\u1ea3m b\u1ea3o an to\u00e0n v\u00e0 \u0111\u1ed9 b\u1ec1n theo th\u1eddi gian.<\/li>\n<li>H\u1ec7 th\u1ed1ng \u0111i\u1ec1u khi\u1ec3n: kh\u00f4ng nh\u01b0 c\u00e1c lo\u1ea1i l\u00f2 h\u01a1i c\u01a1 b\u1ea3n, ngo\u00e0i c\u00e1c h\u1ec7 th\u1ed1ng quan s\u00e1t b\u1eb1ng c\u01a1, L\u00f2 h\u01a1i T\u00edn Nhi\u1ec7m c\u00f2n \u0111\u1eb7t bi\u1ec7t ch\u00fa tr\u1ecdng \u0111\u1ebfn h\u1ec7 th\u1ed1ng \u0111i\u1ec1u khi\u1ec3n, t\u00edch h\u1ee3p c\u00e1c h\u1ec7 th\u1ed1ng c\u1ea3m bi\u1ebfn, hi\u1ec3n th\u1ecb Led s\u1ed1, \u0111\u00e8n b\u00e1o,&#8230; \u0111i\u1ec1u khi\u1ec3n t\u1ef1 \u0111\u1ed9ng v\u00e0 b\u1ea3o v\u1ec7 \u0111a c\u1ea5p cho c\u00e1c ch\u1ebf \u0111\u1ed9 c\u1ea5p n\u01b0\u1edbc balon, \u00e1p su\u1ea5t h\u01a1i, qu\u00e1 nhi\u1ec7t \u0111\u1ed9 bu\u1ed3ng \u0111\u1ed1t,&#8230;qua \u0111\u00f3 gi\u00fap n\u00e2ng cao v\u1eadn h\u00e0nh an to\u00e0n, gi\u00fap gi\u1ea3m nh\u00e2n c\u00f4ng v\u1eadn h\u00e0nh, quan s\u00e1t hi\u1ec7u su\u1ea5t \u0111\u1ed1t v\u00e0 h\u1ea1n ch\u1ebf t\u1ed1i \u0111a t\u00e1c \u0111\u1ed9ng c\u1ee7a con ng\u01b0\u1eddi v\u00e0o thi\u1ebft b\u1ecb.<\/li>\n<li>H\u1ec7 th\u1ed1ng t\u1ef1 \u0111\u1ed9ng t\u00ednh to\u00e1n v\u00e0 cung c\u1ea5p nhi\u00ean li\u1ec7u theo nhu c\u1ea7u s\u1eed d\u1ee5ng h\u01a1i c\u1ee7a Nh\u00e0 m\u00e1y nh\u1eb1m t\u1ed1i \u01b0u h\u00f3a hi\u1ec7u su\u1ea5t, gi\u1ea3m ti\u00eau hao nhi\u00ean li\u1ec7u.<\/li>\n<\/ul>\n<p>\u00a0<\/p>\n<h4><strong>\u0110\u1eb7c t\u00ednh k\u1ef9 thu\u1eadt<\/strong><\/h4>\n<ul>\n<li>C\u00f4ng su\u1ea5t sinh h\u01a1i: t\u1eeb 3 \u0111\u1ebfn 30 t\u1ea5n\/gi\u1edd<\/li>\n<li>\u00c1p su\u1ea5t h\u01a1i: t\u1eeb 10 \u0111\u1ebfn 25 bar<\/li>\n<li>Th\u00f4ng s\u1ed1 h\u01a1i: h\u01a1i b\u00e3o h\u00f2a.<\/li>\n<li>Nhi\u00ean li\u1ec7u \u0111\u1ed1t: Than c\u00e1m, c\u1ee7i b\u0103m, c\u1ee7i vi\u00ean, tr\u1ea5u vi\u00ean, c\u1ee7i.<\/li>\n<\/ul>\n<h3>\u00a0<\/h3>\n<h3><strong>3. L\u00d2 H\u01a0I \u0110\u1ed0T D\u1ea6U, GAS, CNG, BIOGAS<\/strong><\/h3>\n<p>L\u00e0 h\u01a1i d\u1ea1ng n\u1ed3i h\u01a1i \u1ed1ng n\u01b0\u1edbc ho\u1eb7c \u1ed1ng l\u1eeda, \u0111\u01b0\u1ee3c C\u00f4ng Ty TINNHIEM ENG ph\u00e1t tri\u1ec3n tr\u00ean n\u1ec1n t\u1ea3ng ti\u00ean ti\u1ebfn, v\u1eadn h\u00e0nh ho\u00e0n to\u00e0n t\u1ef1 \u0111\u1ed9ng, l\u00f2 h\u01a1i c\u00f3 k\u00edch th\u01b0\u1edbc nh\u1ecf g\u1ecdn ph\u00f9 h\u1ee3p v\u1edbi c\u00e1c khu v\u1ef1c kh\u1eafc khe v\u1ec1 m\u00f4i tr\u01b0\u1eddng ho\u1eb7c nh\u01b0ng n\u01a1i c\u00f3 kh\u00f4ng gian nh\u1ecf h\u1eb9p.<\/p>\n<p>Nhi\u00ean li\u1ec7u s\u1eed d\u1ee5ng ch\u1ee7 y\u1ebfu l\u00e0: d\u1ea7u DO, FO, GAS, CNG, BIOGAS. Cho hi\u1ec7u su\u1ea5t c\u1ee7a l\u00f2 h\u01a1i c\u00f3 th\u1ec3 t\u0103ng l\u00ean \u0111\u1ebfn 90\u00b12%.<\/p>\n<h4><strong>\u0110\u1eb7c \u0111i\u1ec3m n\u1ed5i b\u1eadt<\/strong><\/h4>\n<ul>\n<li>T\u1ed1c \u0111\u1ed9 sinh h\u01a1i nhanh: v\u1edbi nhi\u1ec7t l\u01b0\u1ee3ng cao \u0111\u01b0\u1ee3c sinh ra t\u1eeb ch\u1ea5t \u0111\u1ed1t th\u00f4ng qua h\u1ec7 th\u1ed1ng \u0111\u1ea7u \u0111\u1ed1t, t\u1ed1c \u0111\u1ed9 truy\u1ec1n nhi\u1ec7t b\u1ee9c x\u1ea1 cho n\u01b0\u1edbc s\u1ebd t\u0103ng nhanh h\u01a1n, d\u1eabn \u0111\u1ebfn l\u00f2 h\u01a1i t\u0103ng nhi\u1ec7t nhanh, c\u00f3 th\u1ec3 sinh h\u01a1i trong v\u00f2ng 10 ph\u00fat.<\/li>\n<li>Hi\u1ec7u su\u1ea5t cao: Cho hi\u1ec7u su\u1ea5t c\u1ee7a l\u00f2 h\u01a1i c\u00f3 th\u1ec3 t\u0103ng l\u00ean \u0111\u1ebfn 90\u00b12%.<\/li>\n<li>H\u1ec7 th\u1ed1ng \u0111i\u1ec1u khi\u1ec3n: \u0111\u01b0\u1ee3c thi\u1ebft k\u1ebf c\u00e1c ch\u1ebf \u0111\u1ed9 c\u1ea5p h\u01a1i ho\u00e0n to\u00e0n t\u1ef1 \u0111\u1ed9ng, b\u00ean c\u1ea1nh \u0111\u00f3 t\u1ed1i \u01b0u h\u00f3a c\u00e1c ch\u1ebf \u0111\u1ed9 \u0111\u1ea3m b\u1ea3o an to\u00e0n l\u00f2 h\u01a1i.<\/li>\n<li>Thi\u1ebft k\u1ebf nh\u1ecf g\u1ecdn c\u00f3 th\u1ec3 \u0111\u1eb7t \u1edf nh\u1eefng n\u01a1i c\u00f3 kh\u00f4ng gian nh\u1ecf h\u1eb9p, chi ph\u00ed \u0111\u1ea7u t\u01b0 th\u1ea5p. \u0111\u00e1p \u1ee9ng h\u01a1i nhanh, \u00edt t\u1ed1n nh\u00e2n c\u00f4ng v\u1eadn h\u00e0nh.<\/li>\n<li>\u0110\u00e1p \u1ee9ng vi\u1ec7c s\u1eed d\u1ee5ng \u1edf nh\u1eefng n\u01a1i c\u00f3 y\u00eau c\u1ea7u kh\u1eafc khe v\u1ec1 m\u00f4i tr\u01b0\u1eddng, ti\u1ebfng \u1ed3n th\u1ea5p.<\/li>\n<\/ul>\n<p>\u00a0<\/p>\n<h4><strong>\u0110\u1eb7c t\u00ednh k\u1ef9 thu\u1eadt<\/strong><\/h4>\n<ul>\n<li>C\u00f4ng su\u1ea5t sinh h\u01a1i: t\u1eeb 300 \u0111\u1ebfn 2000 kg h\u01a1i\/gi\u1edd<\/li>\n<li>\u00c1p su\u1ea5t h\u01a1i: t\u1eeb 10 \u0111\u1ebfn 16 bar<\/li>\n<li>Th\u00f4ng s\u1ed1 h\u01a1i: h\u01a1i b\u00e3o h\u00f2a.<\/li>\n<li>Nhi\u00ean li\u1ec7u \u0111\u1ed1t: d\u1ea7u DO, FO, GAS, CNG, BIOGAS<\/li>\n<\/ul>\n<p>\u00a0<\/p>\n<h4><strong>\u0110\u1ed1i t\u01b0\u1ee3ng s\u1eed d\u1ee5ng<\/strong><\/h4>\n<p>Tuy l\u00e0 l\u00f2 h\u01a1i C\u00f4ng nghi\u1ec7p, nh\u01b0ng c\u00f3 th\u1ec3 \u0111\u1eb7t v\u00e0 s\u1eed d\u1ee5ng \u1edf nh\u1eefng n\u01a1i c\u00f3 kh\u00f4ng gian nh\u1ecf, ho\u1ea1t \u0111\u1ed9ng an to\u00e0n cao, kh\u00f3i th\u1ea3i \u00f4 nhi\u1ec5m th\u1ea5p, n\u00ean \u0111\u01b0\u1ee3c s\u1eed d\u1ee5ng r\u1ed9ng r\u00e3i \u1edf c\u00e1c khu d\u00e2n c\u01b0, c\u01a1 s\u1edf kinh doanh nh\u1ecf, v\u1eeba v\u00e0 l\u1edbn, kh\u00e1ch s\u1ea1n ho\u1eb7c tr\u01b0\u1eddng h\u1ecdc, ch\u1eb3ng h\u1ea1n nh\u01b0:<\/p>\n<ul>\n<li>S\u1ea3n xu\u1ea5t b\u00e1nh k\u1eb9o, n\u1ea5u \u0103n, c\u01a1 s\u1edf l\u00e0m b\u00fan, b\u00e1nh h\u1ecfi, n\u01b0\u1edbc u\u1ed1ng gi\u1ea3i kh\u00e1t.<\/li>\n<li>C\u00f4ng nghi\u1ec7p h\u00f3a ch\u1ea5t, c\u00f4ng nghi\u1ec7p may m\u1eb7c, gi\u1eb7c \u1ee7i, x\u00f4ng h\u01a1i.<\/li>\n<li>H\u1ea5p, s\u1ea5y, tri\u1ec7t tr\u00f9ng, th\u1ee9c \u0103n ch\u0103n nu\u00f4i\u2026<\/li>\n<\/ul>\n\n\n<p><\/p>\n","protected":false},"excerpt":{"rendered":"<p>1. L\u00d2 H\u01a0I T\u1ea6NG S\u00d4I L\u00e0 lo\u1ea1i l\u00f2 h\u01a1i c\u00f4ng nghi\u1ec7p, nguy\u00ean l\u00fd \u0111\u1ed1t t\u1ea7ng s\u00f4i l\u00e0 qu\u00e1 tr\u00ecnh \u0111\u01b0a nhi\u00ean li\u1ec7u l\u00ean l\u1edbp l\u1eeda s\u00f4i \u1edf b\u1ec1 m\u1eb7t bu\u1ed3ng \u0111\u1ed1t, g\u1eb7p nhi\u1ec7t \u0111\u1ed9 cao v\u00e0 t\u1ef1 b\u1ed1c ch\u00e1y, l\u1edbp t\u1ea7ng s\u00f4i bao g\u1ed3m: x\u1ec9, c\u00e1t, \u0111\u00e1 v\u00f4i&#8230; Ch\u00fang chuy\u1ec3n \u0111\u1ed9ng do l\u01b0\u1ee3ng gi\u00f3 c\u1ea5p [&hellip;]<\/p>\n","protected":false},"author":1,"featured_media":0,"parent":134,"menu_order":0,"comment_status":"closed","ping_status":"closed","template":"","meta":[],"aioseo_notices":[],"yoast_head":"<!-- This site is optimized with the Yoast SEO plugin v20.11 - https:\/\/yoast.com\/wordpress\/plugins\/seo\/ -->\n<title>L\u00d2 H\u01a0I - K\u1ef9 Thu\u1eadt T\u00edn Nhi\u1ec7m<\/title>\n<meta name=\"robots\" content=\"index, follow, max-snippet:-1, max-image-preview:large, max-video-preview:-1\" \/>\n<link rel=\"canonical\" href=\"https:\/\/lohoitinnhiem.vn\/index.php\/san-pham\/lo-hoi\/\" \/>\n<meta property=\"og:locale\" content=\"vi_VN\" \/>\n<meta property=\"og:type\" content=\"article\" \/>\n<meta property=\"og:title\" content=\"L\u00d2 H\u01a0I - K\u1ef9 Thu\u1eadt T\u00edn Nhi\u1ec7m\" \/>\n<meta property=\"og:description\" content=\"1. L\u00d2 H\u01a0I T\u1ea6NG S\u00d4I L\u00e0 lo\u1ea1i l\u00f2 h\u01a1i c\u00f4ng nghi\u1ec7p, nguy\u00ean l\u00fd \u0111\u1ed1t t\u1ea7ng s\u00f4i l\u00e0 qu\u00e1 tr\u00ecnh \u0111\u01b0a nhi\u00ean li\u1ec7u l\u00ean l\u1edbp l\u1eeda s\u00f4i \u1edf b\u1ec1 m\u1eb7t bu\u1ed3ng \u0111\u1ed1t, g\u1eb7p nhi\u1ec7t \u0111\u1ed9 cao v\u00e0 t\u1ef1 b\u1ed1c ch\u00e1y, l\u1edbp t\u1ea7ng s\u00f4i bao g\u1ed3m: x\u1ec9, c\u00e1t, \u0111\u00e1 v\u00f4i&#8230; Ch\u00fang chuy\u1ec3n \u0111\u1ed9ng do l\u01b0\u1ee3ng gi\u00f3 c\u1ea5p [&hellip;]\" \/>\n<meta property=\"og:url\" content=\"https:\/\/lohoitinnhiem.vn\/index.php\/san-pham\/lo-hoi\/\" \/>\n<meta property=\"og:site_name\" content=\"K\u1ef9 Thu\u1eadt T\u00edn Nhi\u1ec7m\" \/>\n<meta property=\"article:modified_time\" content=\"2023-04-11T21:28:40+00:00\" \/>\n<meta property=\"og:image\" content=\"https:\/\/lohoitinnhiem.vn\/wp-content\/uploads\/2023\/04\/lo-hoi-tang-soi.png\" \/>\n<meta name=\"twitter:card\" content=\"summary_large_image\" \/>\n<meta name=\"twitter:label1\" content=\"\u01af\u1edbc t\u00ednh th\u1eddi gian \u0111\u1ecdc\" \/>\n\t<meta name=\"twitter:data1\" content=\"9 ph\u00fat\" \/>\n<script type=\"application\/ld+json\" class=\"yoast-schema-graph\">{\"@context\":\"https:\/\/schema.org\",\"@graph\":[{\"@type\":\"WebPage\",\"@id\":\"https:\/\/lohoitinnhiem.vn\/index.php\/san-pham\/lo-hoi\/\",\"url\":\"https:\/\/lohoitinnhiem.vn\/index.php\/san-pham\/lo-hoi\/\",\"name\":\"L\u00d2 H\u01a0I - K\u1ef9 Thu\u1eadt T\u00edn Nhi\u1ec7m\",\"isPartOf\":{\"@id\":\"https:\/\/lohoitinnhiem.vn\/#website\"},\"datePublished\":\"2022-08-28T03:53:11+00:00\",\"dateModified\":\"2023-04-11T21:28:40+00:00\",\"breadcrumb\":{\"@id\":\"https:\/\/lohoitinnhiem.vn\/index.php\/san-pham\/lo-hoi\/#breadcrumb\"},\"inLanguage\":\"vi\",\"potentialAction\":[{\"@type\":\"ReadAction\",\"target\":[\"https:\/\/lohoitinnhiem.vn\/index.php\/san-pham\/lo-hoi\/\"]}]},{\"@type\":\"BreadcrumbList\",\"@id\":\"https:\/\/lohoitinnhiem.vn\/index.php\/san-pham\/lo-hoi\/#breadcrumb\",\"itemListElement\":[{\"@type\":\"ListItem\",\"position\":1,\"name\":\"Trang ch\u1ee7\",\"item\":\"https:\/\/lohoitinnhiem.vn\/\"},{\"@type\":\"ListItem\",\"position\":2,\"name\":\"Li\u00ean h\u1ec7 t\u01b0 v\u1ea5n &#8211; \u0111\u1eb7t h\u00e0ng\",\"item\":\"https:\/\/lohoitinnhiem.vn\/\"},{\"@type\":\"ListItem\",\"position\":3,\"name\":\"L\u00d2 H\u01a0I\"}]},{\"@type\":\"WebSite\",\"@id\":\"https:\/\/lohoitinnhiem.vn\/#website\",\"url\":\"https:\/\/lohoitinnhiem.vn\/\",\"name\":\"K\u1ef9 Thu\u1eadt T\u00edn Nhi\u1ec7m\",\"description\":\"Cung c\u1ea5p, l\u1eafp \u0111\u1eb7t &amp; b\u1ea3o tr\u00ec l\u00f2 h\u01a1i to\u00e0n qu\u1ed1c\",\"potentialAction\":[{\"@type\":\"SearchAction\",\"target\":{\"@type\":\"EntryPoint\",\"urlTemplate\":\"https:\/\/lohoitinnhiem.vn\/?s={search_term_string}\"},\"query-input\":\"required name=search_term_string\"}],\"inLanguage\":\"vi\"}]}<\/script>\n<!-- \/ Yoast SEO plugin. -->","yoast_head_json":{"title":"L\u00d2 H\u01a0I - K\u1ef9 Thu\u1eadt T\u00edn Nhi\u1ec7m","robots":{"index":"index","follow":"follow","max-snippet":"max-snippet:-1","max-image-preview":"max-image-preview:large","max-video-preview":"max-video-preview:-1"},"canonical":"https:\/\/lohoitinnhiem.vn\/index.php\/san-pham\/lo-hoi\/","og_locale":"vi_VN","og_type":"article","og_title":"L\u00d2 H\u01a0I - K\u1ef9 Thu\u1eadt T\u00edn Nhi\u1ec7m","og_description":"1. L\u00d2 H\u01a0I T\u1ea6NG S\u00d4I L\u00e0 lo\u1ea1i l\u00f2 h\u01a1i c\u00f4ng nghi\u1ec7p, nguy\u00ean l\u00fd \u0111\u1ed1t t\u1ea7ng s\u00f4i l\u00e0 qu\u00e1 tr\u00ecnh \u0111\u01b0a nhi\u00ean li\u1ec7u l\u00ean l\u1edbp l\u1eeda s\u00f4i \u1edf b\u1ec1 m\u1eb7t bu\u1ed3ng \u0111\u1ed1t, g\u1eb7p nhi\u1ec7t \u0111\u1ed9 cao v\u00e0 t\u1ef1 b\u1ed1c ch\u00e1y, l\u1edbp t\u1ea7ng s\u00f4i bao g\u1ed3m: x\u1ec9, c\u00e1t, \u0111\u00e1 v\u00f4i&#8230; Ch\u00fang chuy\u1ec3n \u0111\u1ed9ng do l\u01b0\u1ee3ng gi\u00f3 c\u1ea5p [&hellip;]","og_url":"https:\/\/lohoitinnhiem.vn\/index.php\/san-pham\/lo-hoi\/","og_site_name":"K\u1ef9 Thu\u1eadt T\u00edn Nhi\u1ec7m","article_modified_time":"2023-04-11T21:28:40+00:00","og_image":[{"url":"https:\/\/lohoitinnhiem.vn\/wp-content\/uploads\/2023\/04\/lo-hoi-tang-soi.png"}],"twitter_card":"summary_large_image","twitter_misc":{"\u01af\u1edbc t\u00ednh th\u1eddi gian \u0111\u1ecdc":"9 ph\u00fat"},"schema":{"@context":"https:\/\/schema.org","@graph":[{"@type":"WebPage","@id":"https:\/\/lohoitinnhiem.vn\/index.php\/san-pham\/lo-hoi\/","url":"https:\/\/lohoitinnhiem.vn\/index.php\/san-pham\/lo-hoi\/","name":"L\u00d2 H\u01a0I - K\u1ef9 Thu\u1eadt T\u00edn Nhi\u1ec7m","isPartOf":{"@id":"https:\/\/lohoitinnhiem.vn\/#website"},"datePublished":"2022-08-28T03:53:11+00:00","dateModified":"2023-04-11T21:28:40+00:00","breadcrumb":{"@id":"https:\/\/lohoitinnhiem.vn\/index.php\/san-pham\/lo-hoi\/#breadcrumb"},"inLanguage":"vi","potentialAction":[{"@type":"ReadAction","target":["https:\/\/lohoitinnhiem.vn\/index.php\/san-pham\/lo-hoi\/"]}]},{"@type":"BreadcrumbList","@id":"https:\/\/lohoitinnhiem.vn\/index.php\/san-pham\/lo-hoi\/#breadcrumb","itemListElement":[{"@type":"ListItem","position":1,"name":"Trang ch\u1ee7","item":"https:\/\/lohoitinnhiem.vn\/"},{"@type":"ListItem","position":2,"name":"Li\u00ean h\u1ec7 t\u01b0 v\u1ea5n &#8211; \u0111\u1eb7t h\u00e0ng","item":"https:\/\/lohoitinnhiem.vn\/"},{"@type":"ListItem","position":3,"name":"L\u00d2 H\u01a0I"}]},{"@type":"WebSite","@id":"https:\/\/lohoitinnhiem.vn\/#website","url":"https:\/\/lohoitinnhiem.vn\/","name":"K\u1ef9 Thu\u1eadt T\u00edn Nhi\u1ec7m","description":"Cung c\u1ea5p, l\u1eafp \u0111\u1eb7t &amp; b\u1ea3o tr\u00ec l\u00f2 h\u01a1i to\u00e0n qu\u1ed1c","potentialAction":[{"@type":"SearchAction","target":{"@type":"EntryPoint","urlTemplate":"https:\/\/lohoitinnhiem.vn\/?s={search_term_string}"},"query-input":"required name=search_term_string"}],"inLanguage":"vi"}]}},"_links":{"self":[{"href":"https:\/\/lohoitinnhiem.vn\/index.php\/wp-json\/wp\/v2\/pages\/120"}],"collection":[{"href":"https:\/\/lohoitinnhiem.vn\/index.php\/wp-json\/wp\/v2\/pages"}],"about":[{"href":"https:\/\/lohoitinnhiem.vn\/index.php\/wp-json\/wp\/v2\/types\/page"}],"author":[{"embeddable":true,"href":"https:\/\/lohoitinnhiem.vn\/index.php\/wp-json\/wp\/v2\/users\/1"}],"replies":[{"embeddable":true,"href":"https:\/\/lohoitinnhiem.vn\/index.php\/wp-json\/wp\/v2\/comments?post=120"}],"version-history":[{"count":9,"href":"https:\/\/lohoitinnhiem.vn\/index.php\/wp-json\/wp\/v2\/pages\/120\/revisions"}],"predecessor-version":[{"id":352,"href":"https:\/\/lohoitinnhiem.vn\/index.php\/wp-json\/wp\/v2\/pages\/120\/revisions\/352"}],"up":[{"embeddable":true,"href":"https:\/\/lohoitinnhiem.vn\/index.php\/wp-json\/wp\/v2\/pages\/134"}],"wp:attachment":[{"href":"https:\/\/lohoitinnhiem.vn\/index.php\/wp-json\/wp\/v2\/media?parent=120"}],"curies":[{"name":"wp","href":"https:\/\/api.w.org\/{rel}","templated":true}]}}