{"id":128,"date":"2022-08-28T10:59:50","date_gmt":"2022-08-28T03:59:50","guid":{"rendered":"http:\/\/localhost\/?page_id=128"},"modified":"2023-06-25T15:06:52","modified_gmt":"2023-06-25T08:06:52","slug":"lien-he","status":"publish","type":"page","link":"https:\/\/lohoitinnhiem.vn\/index.php\/lien-he\/","title":{"rendered":"Li\u00ean h\u1ec7"},"content":{"rendered":"\n<p>Qu\u00fd kh\u00e1ch c\u00f3 th\u1ec3 li\u00ean h\u1ec7 b\u1eb1ng c\u00e1ch nh\u1eafn tin b\u1eb1ng Zalo \u1edf ph\u00eda d\u01b0\u1edbi trang web, li\u00ean h\u1ec7 hotline 0903.173.293 Mr. T\u00e2m \u2013 0932.904.819 Mr. H\u1eadu ho\u1eb7c nh\u1eadp th\u00f4ng tin b\u00ean d\u01b0\u1edbi \u0111\u1ec3 g\u1eedi mail cho ch\u00fang t\u00f4i.<\/p>\n\n\n\n<div class=\"wp-block-contact-form-7-contact-form-selector\"><div role=\"form\" class=\"wpcf7\" id=\"wpcf7-f217-o1\" lang=\"vi\" dir=\"ltr\">\n<div class=\"screen-reader-response\"><p role=\"status\" aria-live=\"polite\" aria-atomic=\"true\"><\/p> <ul><\/ul><\/div>\n<form action=\"\/index.php\/wp-json\/wp\/v2\/pages\/128#wpcf7-f217-o1\" method=\"post\" class=\"wpcf7-form init\" novalidate=\"novalidate\" data-status=\"init\">\n<div style=\"display: none;\">\n<input type=\"hidden\" name=\"_wpcf7\" value=\"217\" \/>\n<input type=\"hidden\" name=\"_wpcf7_version\" value=\"5.6.3\" \/>\n<input type=\"hidden\" name=\"_wpcf7_locale\" value=\"vi\" \/>\n<input type=\"hidden\" name=\"_wpcf7_unit_tag\" value=\"wpcf7-f217-o1\" \/>\n<input type=\"hidden\" name=\"_wpcf7_container_post\" value=\"0\" \/>\n<input type=\"hidden\" name=\"_wpcf7_posted_data_hash\" value=\"\" \/>\n<\/div>\n<p><label> T\u00ean qu\u00fd kh\u00e1ch:<br \/>\n    <span class=\"wpcf7-form-control-wrap\" data-name=\"your-name\"><input type=\"text\" name=\"your-name\" value=\"\" size=\"40\" class=\"wpcf7-form-control wpcf7-text wpcf7-validates-as-required\" aria-required=\"true\" aria-invalid=\"false\" \/><\/span> <\/label><\/p>\n<p><label> S\u1ed1 \u0111i\u1ec7n tho\u1ea1i:<br \/>\n    <span class=\"wpcf7-form-control-wrap\" data-name=\"Sinthoi\"><input type=\"tel\" name=\"Sinthoi\" value=\"\" size=\"40\" class=\"wpcf7-form-control wpcf7-text wpcf7-tel wpcf7-validates-as-required wpcf7-validates-as-tel\" aria-required=\"true\" aria-invalid=\"false\" \/><\/span><\/p>\n<p><label> Email:<br \/>\n    <span class=\"wpcf7-form-control-wrap\" data-name=\"your-email\"><input type=\"email\" name=\"your-email\" value=\"\" size=\"40\" class=\"wpcf7-form-control wpcf7-text wpcf7-email wpcf7-validates-as-email\" aria-invalid=\"false\" \/><\/span> <\/label><\/p>\n<p><label> Ti\u00eau \u0111\u1ec1:<br \/>\n    <span class=\"wpcf7-form-control-wrap\" data-name=\"your-subject\"><input type=\"text\" name=\"your-subject\" value=\"\" size=\"40\" class=\"wpcf7-form-control wpcf7-text wpcf7-validates-as-required\" aria-required=\"true\" aria-invalid=\"false\" \/><\/span> <\/label><\/p>\n<p><label> N\u1ed9i dung:<br \/>\n    <span class=\"wpcf7-form-control-wrap\" data-name=\"your-message\"><textarea name=\"your-message\" cols=\"40\" rows=\"10\" class=\"wpcf7-form-control wpcf7-textarea\" aria-invalid=\"false\"><\/textarea><\/span> <\/label><\/p>\n<p><input type=\"submit\" value=\"G\u1eedi mail\" class=\"wpcf7-form-control has-spinner wpcf7-submit\" \/><\/p>\n<div class=\"wpcf7-response-output\" aria-hidden=\"true\"><\/div><\/form><\/div><\/div>\n","protected":false},"excerpt":{"rendered":"<p>Qu\u00fd kh\u00e1ch c\u00f3 th\u1ec3 li\u00ean h\u1ec7 b\u1eb1ng c\u00e1ch nh\u1eafn tin b\u1eb1ng Zalo \u1edf ph\u00eda d\u01b0\u1edbi trang web, li\u00ean h\u1ec7 hotline 0903.173.293 Mr. T\u00e2m \u2013 0932.904.819 Mr. H\u1eadu ho\u1eb7c nh\u1eadp th\u00f4ng tin b\u00ean d\u01b0\u1edbi \u0111\u1ec3 g\u1eedi mail cho ch\u00fang t\u00f4i.<\/p>\n","protected":false},"author":1,"featured_media":0,"parent":0,"menu_order":0,"comment_status":"closed","ping_status":"closed","template":"","meta":[],"aioseo_notices":[],"yoast_head":"<!-- This site is optimized with the Yoast SEO plugin v20.11 - https:\/\/yoast.com\/wordpress\/plugins\/seo\/ -->\n<title>Li\u00ean h\u1ec7 - K\u1ef9 Thu\u1eadt T\u00edn Nhi\u1ec7m<\/title>\n<meta name=\"robots\" content=\"index, follow, max-snippet:-1, max-image-preview:large, max-video-preview:-1\" \/>\n<link rel=\"canonical\" href=\"https:\/\/lohoitinnhiem.vn\/index.php\/lien-he\/\" \/>\n<meta property=\"og:locale\" content=\"vi_VN\" \/>\n<meta property=\"og:type\" content=\"article\" \/>\n<meta property=\"og:title\" content=\"Li\u00ean h\u1ec7 - K\u1ef9 Thu\u1eadt T\u00edn Nhi\u1ec7m\" \/>\n<meta property=\"og:description\" content=\"Qu\u00fd kh\u00e1ch c\u00f3 th\u1ec3 li\u00ean h\u1ec7 b\u1eb1ng c\u00e1ch nh\u1eafn tin b\u1eb1ng Zalo \u1edf ph\u00eda d\u01b0\u1edbi trang web, li\u00ean h\u1ec7 hotline 0903.173.293 Mr. T\u00e2m \u2013 0932.904.819 Mr. H\u1eadu ho\u1eb7c nh\u1eadp th\u00f4ng tin b\u00ean d\u01b0\u1edbi \u0111\u1ec3 g\u1eedi mail cho ch\u00fang t\u00f4i.\" \/>\n<meta property=\"og:url\" content=\"https:\/\/lohoitinnhiem.vn\/index.php\/lien-he\/\" \/>\n<meta property=\"og:site_name\" content=\"K\u1ef9 Thu\u1eadt T\u00edn Nhi\u1ec7m\" \/>\n<meta property=\"article:modified_time\" content=\"2023-06-25T08:06:52+00:00\" \/>\n<meta name=\"twitter:card\" content=\"summary_large_image\" \/>\n<script type=\"application\/ld+json\" class=\"yoast-schema-graph\">{\"@context\":\"https:\/\/schema.org\",\"@graph\":[{\"@type\":\"WebPage\",\"@id\":\"https:\/\/lohoitinnhiem.vn\/index.php\/lien-he\/\",\"url\":\"https:\/\/lohoitinnhiem.vn\/index.php\/lien-he\/\",\"name\":\"Li\u00ean h\u1ec7 - K\u1ef9 Thu\u1eadt T\u00edn Nhi\u1ec7m\",\"isPartOf\":{\"@id\":\"https:\/\/lohoitinnhiem.vn\/#website\"},\"datePublished\":\"2022-08-28T03:59:50+00:00\",\"dateModified\":\"2023-06-25T08:06:52+00:00\",\"breadcrumb\":{\"@id\":\"https:\/\/lohoitinnhiem.vn\/index.php\/lien-he\/#breadcrumb\"},\"inLanguage\":\"vi\",\"potentialAction\":[{\"@type\":\"ReadAction\",\"target\":[\"https:\/\/lohoitinnhiem.vn\/index.php\/lien-he\/\"]}]},{\"@type\":\"BreadcrumbList\",\"@id\":\"https:\/\/lohoitinnhiem.vn\/index.php\/lien-he\/#breadcrumb\",\"itemListElement\":[{\"@type\":\"ListItem\",\"position\":1,\"name\":\"Trang ch\u1ee7\",\"item\":\"https:\/\/lohoitinnhiem.vn\/\"},{\"@type\":\"ListItem\",\"position\":2,\"name\":\"Li\u00ean h\u1ec7\"}]},{\"@type\":\"WebSite\",\"@id\":\"https:\/\/lohoitinnhiem.vn\/#website\",\"url\":\"https:\/\/lohoitinnhiem.vn\/\",\"name\":\"K\u1ef9 Thu\u1eadt T\u00edn Nhi\u1ec7m\",\"description\":\"Cung c\u1ea5p, l\u1eafp \u0111\u1eb7t &amp; b\u1ea3o tr\u00ec l\u00f2 h\u01a1i to\u00e0n qu\u1ed1c\",\"potentialAction\":[{\"@type\":\"SearchAction\",\"target\":{\"@type\":\"EntryPoint\",\"urlTemplate\":\"https:\/\/lohoitinnhiem.vn\/?s={search_term_string}\"},\"query-input\":\"required name=search_term_string\"}],\"inLanguage\":\"vi\"}]}<\/script>\n<!-- \/ Yoast SEO plugin. -->","yoast_head_json":{"title":"Li\u00ean h\u1ec7 - K\u1ef9 Thu\u1eadt T\u00edn Nhi\u1ec7m","robots":{"index":"index","follow":"follow","max-snippet":"max-snippet:-1","max-image-preview":"max-image-preview:large","max-video-preview":"max-video-preview:-1"},"canonical":"https:\/\/lohoitinnhiem.vn\/index.php\/lien-he\/","og_locale":"vi_VN","og_type":"article","og_title":"Li\u00ean h\u1ec7 - K\u1ef9 Thu\u1eadt T\u00edn Nhi\u1ec7m","og_description":"Qu\u00fd kh\u00e1ch c\u00f3 th\u1ec3 li\u00ean h\u1ec7 b\u1eb1ng c\u00e1ch nh\u1eafn tin b\u1eb1ng Zalo \u1edf ph\u00eda d\u01b0\u1edbi trang web, li\u00ean h\u1ec7 hotline 0903.173.293 Mr. T\u00e2m \u2013 0932.904.819 Mr. H\u1eadu ho\u1eb7c nh\u1eadp th\u00f4ng tin b\u00ean d\u01b0\u1edbi \u0111\u1ec3 g\u1eedi mail cho ch\u00fang t\u00f4i.","og_url":"https:\/\/lohoitinnhiem.vn\/index.php\/lien-he\/","og_site_name":"K\u1ef9 Thu\u1eadt T\u00edn Nhi\u1ec7m","article_modified_time":"2023-06-25T08:06:52+00:00","twitter_card":"summary_large_image","schema":{"@context":"https:\/\/schema.org","@graph":[{"@type":"WebPage","@id":"https:\/\/lohoitinnhiem.vn\/index.php\/lien-he\/","url":"https:\/\/lohoitinnhiem.vn\/index.php\/lien-he\/","name":"Li\u00ean h\u1ec7 - K\u1ef9 Thu\u1eadt T\u00edn Nhi\u1ec7m","isPartOf":{"@id":"https:\/\/lohoitinnhiem.vn\/#website"},"datePublished":"2022-08-28T03:59:50+00:00","dateModified":"2023-06-25T08:06:52+00:00","breadcrumb":{"@id":"https:\/\/lohoitinnhiem.vn\/index.php\/lien-he\/#breadcrumb"},"inLanguage":"vi","potentialAction":[{"@type":"ReadAction","target":["https:\/\/lohoitinnhiem.vn\/index.php\/lien-he\/"]}]},{"@type":"BreadcrumbList","@id":"https:\/\/lohoitinnhiem.vn\/index.php\/lien-he\/#breadcrumb","itemListElement":[{"@type":"ListItem","position":1,"name":"Trang ch\u1ee7","item":"https:\/\/lohoitinnhiem.vn\/"},{"@type":"ListItem","position":2,"name":"Li\u00ean h\u1ec7"}]},{"@type":"WebSite","@id":"https:\/\/lohoitinnhiem.vn\/#website","url":"https:\/\/lohoitinnhiem.vn\/","name":"K\u1ef9 Thu\u1eadt T\u00edn Nhi\u1ec7m","description":"Cung c\u1ea5p, l\u1eafp \u0111\u1eb7t &amp; b\u1ea3o tr\u00ec l\u00f2 h\u01a1i to\u00e0n qu\u1ed1c","potentialAction":[{"@type":"SearchAction","target":{"@type":"EntryPoint","urlTemplate":"https:\/\/lohoitinnhiem.vn\/?s={search_term_string}"},"query-input":"required name=search_term_string"}],"inLanguage":"vi"}]}},"_links":{"self":[{"href":"https:\/\/lohoitinnhiem.vn\/index.php\/wp-json\/wp\/v2\/pages\/128"}],"collection":[{"href":"https:\/\/lohoitinnhiem.vn\/index.php\/wp-json\/wp\/v2\/pages"}],"about":[{"href":"https:\/\/lohoitinnhiem.vn\/index.php\/wp-json\/wp\/v2\/types\/page"}],"author":[{"embeddable":true,"href":"https:\/\/lohoitinnhiem.vn\/index.php\/wp-json\/wp\/v2\/users\/1"}],"replies":[{"embeddable":true,"href":"https:\/\/lohoitinnhiem.vn\/index.php\/wp-json\/wp\/v2\/comments?post=128"}],"version-history":[{"count":9,"href":"https:\/\/lohoitinnhiem.vn\/index.php\/wp-json\/wp\/v2\/pages\/128\/revisions"}],"predecessor-version":[{"id":397,"href":"https:\/\/lohoitinnhiem.vn\/index.php\/wp-json\/wp\/v2\/pages\/128\/revisions\/397"}],"wp:attachment":[{"href":"https:\/\/lohoitinnhiem.vn\/index.php\/wp-json\/wp\/v2\/media?parent=128"}],"curies":[{"name":"wp","href":"https:\/\/api.w.org\/{rel}","templated":true}]}}