{"id":145,"date":"2022-08-28T11:06:56","date_gmt":"2022-08-28T04:06:56","guid":{"rendered":"http:\/\/localhost\/?page_id=145"},"modified":"2022-09-10T11:17:24","modified_gmt":"2022-09-10T04:17:24","slug":"dich-vu-bao-tri","status":"publish","type":"page","link":"https:\/\/lohoitinnhiem.vn\/index.php\/dich-vu-bao-tri\/","title":{"rendered":"D\u1ecbch v\u1ee5 b\u1ea3o tr\u00ec"},"content":{"rendered":"<p>C\u00e1c b\u01b0\u1edbc b\u1ea3o tr\u00ec g\u1ed3m c\u00f3:<\/p>\n<ul>\n<li class=\"icon-default ani-item on-show\"><strong>Ki\u1ec3m tra:<\/strong>\n<p>Kh\u00f4ng ch\u1ec9 khoanh v\u00f9ng ch\u1ec9 ra nh\u1eefng v\u1ecb tr\u00ed s\u1ef1 c\u1ed1, ch\u00fang t\u00f4i c\u00f2n ch\u1ec9 ra nguy\u00ean nh\u00e2n v\u00e0 \u0111\u01b0a ra nh\u1eefng \u0111\u1ec1 xu\u1ea5t x\u1eed l\u00fd s\u1ef1 c\u1ed1 c\u0169ng nh\u01b0 ng\u0103n ng\u1eeba nh\u1eefng s\u1ef1 c\u1ed1 \u0111\u00f3 trong t\u01b0\u01a1ng lai.<\/li>\n<li class=\"icon-default ani-item on-show\"><strong>Ph\u00e2n t\u00edch:\u00a0<\/strong>\n<p>Ch\u00fang t\u00f4i ti\u1ebfn h\u00e0nh ph\u00e2n t\u00edch k\u1ef9 thu\u1eadt nh\u1eb1m t\u00ecm ra Nguy\u00ean nh\u00e2n c\u1ed1t l\u00f5i\u00a0 &amp; Nguy\u00ean nh\u00e2n ch\u00ednh \u0111\u1ec3 kh\u1eafc ph\u1ee5c v\u00e0 t\u1ed1i \u01b0u h\u00f3a n\u1ed3i h\u01a1i.<\/li>\n<li class=\"icon-default ani-item on-show\"><strong>Gi\u1ea3i ph\u00e1p:<\/strong>\n<p>C\u0103n c\u1ee9 v\u00e0o 2 b\u01b0\u1edbc tr\u00ean, ch\u00fang t\u00f4i cung c\u1ea5p b\u00e1o c\u00e1o k\u1ef9 thu\u1eadt c\u00f3 \u0111\u1ec1 c\u1eadp nh\u1eefng th\u00f4ng tin c\u1ea7n thi\u1ebft nh\u01b0: C\u1ea3nh b\u00e1o\/T\u01b0 v\u1ea5n; \u0110\u01b0a ra gi\u1ea3i ph\u00e1p; L\u1eadp d\u1ef1 to\u00e1n cho c\u00f4ng vi\u1ec7c c\u1ea7n th\u1ef1c hi\u1ec7n.<\/li>\n<li class=\"icon-default ani-item on-show\"><strong>Kh\u00e1ch h\u00e0ng:<\/strong>\n<p>B\u1ea3o tr\u00ec l\u00f2 h\u01a1i ng\u00e0nh m\u00eda \u0111\u01b0\u1eddng, nhi\u1ec7t \u0111i\u1ec7n, gi\u1ea5y, th\u1ee9c \u0103n gia s\u00fac, th\u1ee9c u\u1ed1ng, th\u1ef1c ph\u1ea9m, d\u1ec7t nhu\u1ed9m,\u2026<\/li>\n<\/ul>\n","protected":false},"excerpt":{"rendered":"<p>C\u00e1c b\u01b0\u1edbc b\u1ea3o tr\u00ec g\u1ed3m c\u00f3: Ki\u1ec3m tra: Kh\u00f4ng ch\u1ec9 khoanh v\u00f9ng ch\u1ec9 ra nh\u1eefng v\u1ecb tr\u00ed s\u1ef1 c\u1ed1, ch\u00fang t\u00f4i c\u00f2n ch\u1ec9 ra nguy\u00ean nh\u00e2n v\u00e0 \u0111\u01b0a ra nh\u1eefng \u0111\u1ec1 xu\u1ea5t x\u1eed l\u00fd s\u1ef1 c\u1ed1 c\u0169ng nh\u01b0 ng\u0103n ng\u1eeba nh\u1eefng s\u1ef1 c\u1ed1 \u0111\u00f3 trong t\u01b0\u01a1ng lai. Ph\u00e2n t\u00edch:\u00a0 Ch\u00fang t\u00f4i ti\u1ebfn h\u00e0nh ph\u00e2n t\u00edch [&hellip;]<\/p>\n","protected":false},"author":1,"featured_media":0,"parent":0,"menu_order":0,"comment_status":"closed","ping_status":"closed","template":"","meta":[],"aioseo_notices":[],"yoast_head":"<!-- This site is optimized with the Yoast SEO plugin v20.11 - https:\/\/yoast.com\/wordpress\/plugins\/seo\/ -->\n<title>D\u1ecbch v\u1ee5 b\u1ea3o tr\u00ec - K\u1ef9 Thu\u1eadt T\u00edn Nhi\u1ec7m<\/title>\n<meta name=\"robots\" content=\"index, follow, max-snippet:-1, max-image-preview:large, max-video-preview:-1\" \/>\n<link rel=\"canonical\" href=\"https:\/\/lohoitinnhiem.vn\/index.php\/dich-vu-bao-tri\/\" \/>\n<meta property=\"og:locale\" content=\"vi_VN\" \/>\n<meta property=\"og:type\" content=\"article\" \/>\n<meta property=\"og:title\" content=\"D\u1ecbch v\u1ee5 b\u1ea3o tr\u00ec - K\u1ef9 Thu\u1eadt T\u00edn Nhi\u1ec7m\" \/>\n<meta property=\"og:description\" content=\"C\u00e1c b\u01b0\u1edbc b\u1ea3o tr\u00ec g\u1ed3m c\u00f3: Ki\u1ec3m tra: Kh\u00f4ng ch\u1ec9 khoanh v\u00f9ng ch\u1ec9 ra nh\u1eefng v\u1ecb tr\u00ed s\u1ef1 c\u1ed1, ch\u00fang t\u00f4i c\u00f2n ch\u1ec9 ra nguy\u00ean nh\u00e2n v\u00e0 \u0111\u01b0a ra nh\u1eefng \u0111\u1ec1 xu\u1ea5t x\u1eed l\u00fd s\u1ef1 c\u1ed1 c\u0169ng nh\u01b0 ng\u0103n ng\u1eeba nh\u1eefng s\u1ef1 c\u1ed1 \u0111\u00f3 trong t\u01b0\u01a1ng lai. Ph\u00e2n t\u00edch:\u00a0 Ch\u00fang t\u00f4i ti\u1ebfn h\u00e0nh ph\u00e2n t\u00edch [&hellip;]\" \/>\n<meta property=\"og:url\" content=\"https:\/\/lohoitinnhiem.vn\/index.php\/dich-vu-bao-tri\/\" \/>\n<meta property=\"og:site_name\" content=\"K\u1ef9 Thu\u1eadt T\u00edn Nhi\u1ec7m\" \/>\n<meta property=\"article:modified_time\" content=\"2022-09-10T04:17:24+00:00\" \/>\n<meta name=\"twitter:card\" content=\"summary_large_image\" \/>\n<meta name=\"twitter:label1\" content=\"\u01af\u1edbc t\u00ednh th\u1eddi gian \u0111\u1ecdc\" \/>\n\t<meta name=\"twitter:data1\" content=\"1 ph\u00fat\" \/>\n<script type=\"application\/ld+json\" class=\"yoast-schema-graph\">{\"@context\":\"https:\/\/schema.org\",\"@graph\":[{\"@type\":\"WebPage\",\"@id\":\"https:\/\/lohoitinnhiem.vn\/index.php\/dich-vu-bao-tri\/\",\"url\":\"https:\/\/lohoitinnhiem.vn\/index.php\/dich-vu-bao-tri\/\",\"name\":\"D\u1ecbch v\u1ee5 b\u1ea3o tr\u00ec - K\u1ef9 Thu\u1eadt T\u00edn Nhi\u1ec7m\",\"isPartOf\":{\"@id\":\"https:\/\/lohoitinnhiem.vn\/#website\"},\"datePublished\":\"2022-08-28T04:06:56+00:00\",\"dateModified\":\"2022-09-10T04:17:24+00:00\",\"breadcrumb\":{\"@id\":\"https:\/\/lohoitinnhiem.vn\/index.php\/dich-vu-bao-tri\/#breadcrumb\"},\"inLanguage\":\"vi\",\"potentialAction\":[{\"@type\":\"ReadAction\",\"target\":[\"https:\/\/lohoitinnhiem.vn\/index.php\/dich-vu-bao-tri\/\"]}]},{\"@type\":\"BreadcrumbList\",\"@id\":\"https:\/\/lohoitinnhiem.vn\/index.php\/dich-vu-bao-tri\/#breadcrumb\",\"itemListElement\":[{\"@type\":\"ListItem\",\"position\":1,\"name\":\"Trang ch\u1ee7\",\"item\":\"https:\/\/lohoitinnhiem.vn\/\"},{\"@type\":\"ListItem\",\"position\":2,\"name\":\"D\u1ecbch v\u1ee5 b\u1ea3o tr\u00ec\"}]},{\"@type\":\"WebSite\",\"@id\":\"https:\/\/lohoitinnhiem.vn\/#website\",\"url\":\"https:\/\/lohoitinnhiem.vn\/\",\"name\":\"K\u1ef9 Thu\u1eadt T\u00edn Nhi\u1ec7m\",\"description\":\"Cung c\u1ea5p, l\u1eafp \u0111\u1eb7t &amp; b\u1ea3o tr\u00ec l\u00f2 h\u01a1i to\u00e0n qu\u1ed1c\",\"potentialAction\":[{\"@type\":\"SearchAction\",\"target\":{\"@type\":\"EntryPoint\",\"urlTemplate\":\"https:\/\/lohoitinnhiem.vn\/?s={search_term_string}\"},\"query-input\":\"required name=search_term_string\"}],\"inLanguage\":\"vi\"}]}<\/script>\n<!-- \/ Yoast SEO plugin. -->","yoast_head_json":{"title":"D\u1ecbch v\u1ee5 b\u1ea3o tr\u00ec - K\u1ef9 Thu\u1eadt T\u00edn Nhi\u1ec7m","robots":{"index":"index","follow":"follow","max-snippet":"max-snippet:-1","max-image-preview":"max-image-preview:large","max-video-preview":"max-video-preview:-1"},"canonical":"https:\/\/lohoitinnhiem.vn\/index.php\/dich-vu-bao-tri\/","og_locale":"vi_VN","og_type":"article","og_title":"D\u1ecbch v\u1ee5 b\u1ea3o tr\u00ec - K\u1ef9 Thu\u1eadt T\u00edn Nhi\u1ec7m","og_description":"C\u00e1c b\u01b0\u1edbc b\u1ea3o tr\u00ec g\u1ed3m c\u00f3: Ki\u1ec3m tra: Kh\u00f4ng ch\u1ec9 khoanh v\u00f9ng ch\u1ec9 ra nh\u1eefng v\u1ecb tr\u00ed s\u1ef1 c\u1ed1, ch\u00fang t\u00f4i c\u00f2n ch\u1ec9 ra nguy\u00ean nh\u00e2n v\u00e0 \u0111\u01b0a ra nh\u1eefng \u0111\u1ec1 xu\u1ea5t x\u1eed l\u00fd s\u1ef1 c\u1ed1 c\u0169ng nh\u01b0 ng\u0103n ng\u1eeba nh\u1eefng s\u1ef1 c\u1ed1 \u0111\u00f3 trong t\u01b0\u01a1ng lai. Ph\u00e2n t\u00edch:\u00a0 Ch\u00fang t\u00f4i ti\u1ebfn h\u00e0nh ph\u00e2n t\u00edch [&hellip;]","og_url":"https:\/\/lohoitinnhiem.vn\/index.php\/dich-vu-bao-tri\/","og_site_name":"K\u1ef9 Thu\u1eadt T\u00edn Nhi\u1ec7m","article_modified_time":"2022-09-10T04:17:24+00:00","twitter_card":"summary_large_image","twitter_misc":{"\u01af\u1edbc t\u00ednh th\u1eddi gian \u0111\u1ecdc":"1 ph\u00fat"},"schema":{"@context":"https:\/\/schema.org","@graph":[{"@type":"WebPage","@id":"https:\/\/lohoitinnhiem.vn\/index.php\/dich-vu-bao-tri\/","url":"https:\/\/lohoitinnhiem.vn\/index.php\/dich-vu-bao-tri\/","name":"D\u1ecbch v\u1ee5 b\u1ea3o tr\u00ec - K\u1ef9 Thu\u1eadt T\u00edn Nhi\u1ec7m","isPartOf":{"@id":"https:\/\/lohoitinnhiem.vn\/#website"},"datePublished":"2022-08-28T04:06:56+00:00","dateModified":"2022-09-10T04:17:24+00:00","breadcrumb":{"@id":"https:\/\/lohoitinnhiem.vn\/index.php\/dich-vu-bao-tri\/#breadcrumb"},"inLanguage":"vi","potentialAction":[{"@type":"ReadAction","target":["https:\/\/lohoitinnhiem.vn\/index.php\/dich-vu-bao-tri\/"]}]},{"@type":"BreadcrumbList","@id":"https:\/\/lohoitinnhiem.vn\/index.php\/dich-vu-bao-tri\/#breadcrumb","itemListElement":[{"@type":"ListItem","position":1,"name":"Trang ch\u1ee7","item":"https:\/\/lohoitinnhiem.vn\/"},{"@type":"ListItem","position":2,"name":"D\u1ecbch v\u1ee5 b\u1ea3o tr\u00ec"}]},{"@type":"WebSite","@id":"https:\/\/lohoitinnhiem.vn\/#website","url":"https:\/\/lohoitinnhiem.vn\/","name":"K\u1ef9 Thu\u1eadt T\u00edn Nhi\u1ec7m","description":"Cung c\u1ea5p, l\u1eafp \u0111\u1eb7t &amp; b\u1ea3o tr\u00ec l\u00f2 h\u01a1i to\u00e0n qu\u1ed1c","potentialAction":[{"@type":"SearchAction","target":{"@type":"EntryPoint","urlTemplate":"https:\/\/lohoitinnhiem.vn\/?s={search_term_string}"},"query-input":"required name=search_term_string"}],"inLanguage":"vi"}]}},"_links":{"self":[{"href":"https:\/\/lohoitinnhiem.vn\/index.php\/wp-json\/wp\/v2\/pages\/145"}],"collection":[{"href":"https:\/\/lohoitinnhiem.vn\/index.php\/wp-json\/wp\/v2\/pages"}],"about":[{"href":"https:\/\/lohoitinnhiem.vn\/index.php\/wp-json\/wp\/v2\/types\/page"}],"author":[{"embeddable":true,"href":"https:\/\/lohoitinnhiem.vn\/index.php\/wp-json\/wp\/v2\/users\/1"}],"replies":[{"embeddable":true,"href":"https:\/\/lohoitinnhiem.vn\/index.php\/wp-json\/wp\/v2\/comments?post=145"}],"version-history":[{"count":4,"href":"https:\/\/lohoitinnhiem.vn\/index.php\/wp-json\/wp\/v2\/pages\/145\/revisions"}],"predecessor-version":[{"id":185,"href":"https:\/\/lohoitinnhiem.vn\/index.php\/wp-json\/wp\/v2\/pages\/145\/revisions\/185"}],"wp:attachment":[{"href":"https:\/\/lohoitinnhiem.vn\/index.php\/wp-json\/wp\/v2\/media?parent=145"}],"curies":[{"name":"wp","href":"https:\/\/api.w.org\/{rel}","templated":true}]}}